{"id":82,"date":"2025-04-30T17:23:42","date_gmt":"2025-04-30T17:23:42","guid":{"rendered":"https:\/\/oilika.ee\/?post_type=product&#038;p=82"},"modified":"2025-10-16T13:25:48","modified_gmt":"2025-10-16T10:25:48","slug":"linaoli","status":"publish","type":"product","link":"https:\/\/oilika.ee\/ru\/product\/linaoli\/","title":{"rendered":"Lina\u00f5li"},"content":{"rendered":"","protected":false},"excerpt":{"rendered":"<p><a href=\"http:\/\/www.umamekk.ee\"><img loading=\"lazy\" decoding=\"async\" class=\"wp-image-2290 alignnone\" src=\"https:\/\/oilika.ee\/wp-content\/uploads\/2025\/10\/uma-mekk-jpg-logo-221x300.jpg\" alt=\"\" width=\"100\" height=\"136\" srcset=\"https:\/\/oilika.ee\/wp-content\/uploads\/2025\/10\/uma-mekk-jpg-logo-221x300.jpg 221w, https:\/\/oilika.ee\/wp-content\/uploads\/2025\/10\/uma-mekk-jpg-logo-756x1024.jpg 756w, https:\/\/oilika.ee\/wp-content\/uploads\/2025\/10\/uma-mekk-jpg-logo-768x1041.jpg 768w, https:\/\/oilika.ee\/wp-content\/uploads\/2025\/10\/uma-mekk-jpg-logo-1134x1536.jpg 1134w, https:\/\/oilika.ee\/wp-content\/uploads\/2025\/10\/uma-mekk-jpg-logo-1512x2048.jpg 1512w, https:\/\/oilika.ee\/wp-content\/uploads\/2025\/10\/uma-mekk-jpg-logo-9x12.jpg 9w, https:\/\/oilika.ee\/wp-content\/uploads\/2025\/10\/uma-mekk-jpg-logo-600x813.jpg 600w, https:\/\/oilika.ee\/wp-content\/uploads\/2025\/10\/uma-mekk-jpg-logo.jpg 1612w\" sizes=\"auto, (max-width: 100px) 100vw, 100px\" \/><\/a><\/p>\n<p>Oilika linaseemne\u00f5li kannab Vana-V\u00f5romaa kvaliteedim\u00e4rgist UMA MEKK<\/p>","protected":false},"featured_media":94,"template":"","meta":{"_kad_blocks_custom_css":"","_kad_blocks_head_custom_js":"","_kad_blocks_body_custom_js":"","_kad_blocks_footer_custom_js":"","_kadence_starter_templates_imported_post":false,"_kad_post_transparent":"default","_kad_post_title":"","_kad_post_layout":"default","_kad_post_sidebar_id":"","_kad_post_content_style":"default","_kad_post_vertical_padding":"default","_kad_post_feature":"","_kad_post_feature_position":"","_kad_post_header":false,"_kad_post_footer":false,"_kad_post_classname":""},"product_brand":[43],"product_cat":[16],"product_tag":[],"class_list":{"0":"post-82","1":"product","2":"type-product","3":"status-publish","4":"has-post-thumbnail","6":"product_brand-uma-mekk-margisega-toode","7":"product_cat-oli","9":"first","10":"instock","11":"shipping-taxable","12":"purchasable","13":"product-type-variable","14":"entry","15":"content-bg","16":"loop-entry"},"taxonomy_info":{"product_brand":[{"value":43,"label":"Uma Mekk m\u00e4rgisega toode"}],"product_cat":[{"value":16,"label":"\u00d5lid"}]},"featured_image_src_large":["https:\/\/oilika.ee\/wp-content\/uploads\/2025\/04\/lina-suur-2-1-scaled-1-1024x1024.jpeg",1024,1024,true],"author_info":[],"comment_info":"","_links":{"self":[{"href":"https:\/\/oilika.ee\/ru\/wp-json\/wp\/v2\/product\/82","targetHints":{"allow":["GET"]}}],"collection":[{"href":"https:\/\/oilika.ee\/ru\/wp-json\/wp\/v2\/product"}],"about":[{"href":"https:\/\/oilika.ee\/ru\/wp-json\/wp\/v2\/types\/product"}],"wp:featuredmedia":[{"embeddable":true,"href":"https:\/\/oilika.ee\/ru\/wp-json\/wp\/v2\/media\/94"}],"wp:attachment":[{"href":"https:\/\/oilika.ee\/ru\/wp-json\/wp\/v2\/media?parent=82"}],"wp:term":[{"taxonomy":"product_brand","embeddable":true,"href":"https:\/\/oilika.ee\/ru\/wp-json\/wp\/v2\/product_brand?post=82"},{"taxonomy":"product_cat","embeddable":true,"href":"https:\/\/oilika.ee\/ru\/wp-json\/wp\/v2\/product_cat?post=82"},{"taxonomy":"product_tag","embeddable":true,"href":"https:\/\/oilika.ee\/ru\/wp-json\/wp\/v2\/product_tag?post=82"}],"curies":[{"name":"wp","href":"https:\/\/api.w.org\/{rel}","templated":true}]}}