{"id":2821,"date":"2026-03-31T23:10:52","date_gmt":"2026-03-31T20:10:52","guid":{"rendered":"https:\/\/oilika.ee\/?post_type=product&#038;p=2821"},"modified":"2026-03-31T23:14:56","modified_gmt":"2026-03-31T20:14:56","slug":"mandlioli_seep","status":"publish","type":"product","link":"https:\/\/oilika.ee\/ru\/product\/mandlioli_seep\/","title":{"rendered":"Magusa mandli\u00f5li seep"},"content":{"rendered":"<p class=\"p1\">O\u00dc Oilika magusa mandli \u00f5liga k\u00e4sit\u00f6\u00f6seep on kui puudutus iidsetest ilusaladustest.<br \/>\nJuba Kleopatra oli tuntud oma laitmatu naha ja armastuse poolest looduslike hooldusvahendite vastu. Kerge ja toitev magusa mandli \u00f5li pehmendab nahka \u00f5rnalt, muudab selle sametiselt siledaks ning annab loomuliku s\u00e4ra.<\/p>\n<p class=\"p1\">Seebi erilise v\u00f5lu loob selle aroom \u2013 \u00f5rn, soe ja kergelt magus, mandlikivi n\u00fcansiga. See pehme ja peen l\u00f5hn loob hubase ning luksusliku meeleolu, muutes igap\u00e4evase hoolduse t\u00f5eliseks ilurituaaliks, mis on kuninganna v\u00e4\u00e4riline.<\/p>\n<p class=\"p1\">Seep on valmistatud traditsioonilise, ajas j\u00e4releproovitud tehnoloogia j\u00e4rgi osavate, t\u00f5eliselt \u201ekuldsete k\u00e4tega\u201c Silver H\u00fcdsi poolt, mis annab igale seebit\u00fckile erilise v\u00e4\u00e4rtuse ja k\u00e4sit\u00f6\u00f6 soojuse.<\/p>\n<p class=\"p1\">Proovi meie seepi ja tunne end nagu Kleopatra!<\/p>","protected":false},"excerpt":{"rendered":"<p>O\u00dc Oilika magusa mandli \u00f5liga k\u00e4sit\u00f6\u00f6seep on kui puudutus iidsetest ilusaladustest. Juba Kleopatra oli tuntud oma laitmatu naha ja armastuse poolest looduslike hooldusvahendite vastu. Kerge ja toitev magusa mandli \u00f5li pehmendab nahka \u00f5rnalt, muudab selle sametiselt siledaks ning annab loomuliku s\u00e4ra. Seebi erilise v\u00f5lu loob selle aroom \u2013 \u00f5rn, soe ja kergelt magus, mandlikivi n\u00fcansiga&#8230;.<\/p>","protected":false},"featured_media":2823,"template":"","meta":{"_kad_blocks_custom_css":"","_kad_blocks_head_custom_js":"","_kad_blocks_body_custom_js":"","_kad_blocks_footer_custom_js":"","_kadence_starter_templates_imported_post":false,"_kad_post_transparent":"default","_kad_post_title":"","_kad_post_layout":"default","_kad_post_sidebar_id":"","_kad_post_content_style":"default","_kad_post_vertical_padding":"default","_kad_post_feature":"","_kad_post_feature_position":"","_kad_post_header":false,"_kad_post_footer":false,"_kad_post_classname":""},"product_brand":[],"product_cat":[41],"product_tag":[],"class_list":{"0":"post-2821","1":"product","2":"type-product","3":"status-publish","4":"has-post-thumbnail","6":"product_cat-seebid","8":"first","9":"instock","10":"shipping-taxable","11":"purchasable","12":"product-type-simple","13":"entry","14":"content-bg","15":"loop-entry"},"taxonomy_info":{"product_cat":[{"value":41,"label":"Seebid"}]},"featured_image_src_large":["https:\/\/oilika.ee\/wp-content\/uploads\/2026\/03\/magusa.mandlioli.seep_-1024x1024.jpg",1024,1024,true],"author_info":[],"comment_info":"","_links":{"self":[{"href":"https:\/\/oilika.ee\/ru\/wp-json\/wp\/v2\/product\/2821","targetHints":{"allow":["GET"]}}],"collection":[{"href":"https:\/\/oilika.ee\/ru\/wp-json\/wp\/v2\/product"}],"about":[{"href":"https:\/\/oilika.ee\/ru\/wp-json\/wp\/v2\/types\/product"}],"wp:featuredmedia":[{"embeddable":true,"href":"https:\/\/oilika.ee\/ru\/wp-json\/wp\/v2\/media\/2823"}],"wp:attachment":[{"href":"https:\/\/oilika.ee\/ru\/wp-json\/wp\/v2\/media?parent=2821"}],"wp:term":[{"taxonomy":"product_brand","embeddable":true,"href":"https:\/\/oilika.ee\/ru\/wp-json\/wp\/v2\/product_brand?post=2821"},{"taxonomy":"product_cat","embeddable":true,"href":"https:\/\/oilika.ee\/ru\/wp-json\/wp\/v2\/product_cat?post=2821"},{"taxonomy":"product_tag","embeddable":true,"href":"https:\/\/oilika.ee\/ru\/wp-json\/wp\/v2\/product_tag?post=2821"}],"curies":[{"name":"wp","href":"https:\/\/api.w.org\/{rel}","templated":true}]}}