{"id":2553,"date":"2025-12-08T23:32:33","date_gmt":"2025-12-08T20:32:33","guid":{"rendered":"https:\/\/oilika.ee\/?post_type=product&#038;p=2553"},"modified":"2026-02-05T17:06:57","modified_gmt":"2026-02-05T14:06:57","slug":"oilika-kinkekarp-3x100ml","status":"publish","type":"product","link":"https:\/\/oilika.ee\/ru\/product\/oilika-kinkekarp-3x100ml\/","title":{"rendered":"Oilika Kinkekarp \u2013 vali ise 3 looduslikku \u00f5li (3 \u00d7 100 ml)"},"content":{"rendered":"<p>Kinkekarbis olevad kvaliteetsed k\u00fclmpressitud \u00f5lid sobivad ideaalselt toiduvalmistamiseks, salatite maitsestamiseks v\u00f5i erilisteks kingitusteks.<br \/>\n<strong><br \/>\nValikus on:<\/strong><\/p>\n<ul>\n<li><a href=\"https:\/\/oilika.ee\/ru\/product\/chia-seemneoli\/\">chia seemne\u00f5li<\/a><\/li>\n<li><a href=\"https:\/\/oilika.ee\/ru\/product\/kanepioli\/\">kanepi\u00f5li<\/a><\/li>\n<li><a href=\"https:\/\/oilika.ee\/ru\/product\/korvitsaoli\/\">k\u00f5rvitsa\u00f5li<\/a><\/li>\n<li><a href=\"https:\/\/oilika.ee\/ru\/product\/kreeka-pahkli-oli\/\">\u041c\u0430\u0441\u043b\u043e \u0433\u0440\u0435\u0446\u043a\u043e\u0433\u043e \u043e\u0440\u0435\u0445\u0430<\/a><\/li>\n<li><a href=\"https:\/\/oilika.ee\/ru\/product\/linaoli\/\">lina\u00f5li<\/a><\/li>\n<li><a href=\"https:\/\/oilika.ee\/ru\/product\/maarjaohaka-oli\/\">maarjaohaka \u00f5li<\/a><\/li>\n<li><a href=\"https:\/\/oilika.ee\/ru\/product\/seesamioli\/\">seesami\u00f5li<\/a><\/li>\n<li><a href=\"https:\/\/oilika.ee\/ru\/product\/tudraoli\/\">tudra\u00f5li<\/a><\/li>\n<li><a href=\"https:\/\/oilika.ee\/ru\/product\/safloorioli\/\">safloor\u00f5li<\/a><\/li>\n<li><a href=\"https:\/\/oilika.ee\/ru\/product\/mustakoomne-oli\/\">mustak\u00f6\u00f6mne \u00f5li<\/a><\/li>\n<li><a href=\"https:\/\/oilika.ee\/ru\/product\/mandlioli\/\">mandli\u00f5li<\/a><\/li>\n<li><a href=\"https:\/\/oilika.ee\/ru\/product\/sarapuuoli\/\">sarapuup\u00e4hkli\u00f5li<\/a><\/li>\n<\/ul>\n<p>Kingitus, mis r\u00f5\u00f5mustab maitsemeelt ning n\u00e4itab hoolivust nii kingisaaja kui ka sinu enda vastu.<\/p>","protected":false},"excerpt":{"rendered":"<p>Vali Oilika rikkalikust valikust ise kolm meelep\u00e4rast \u00f5li ja loo oma personaalne 3 x 100 ml kinkekarp!<\/p>","protected":false},"featured_media":1920,"template":"","meta":{"_kad_blocks_custom_css":"","_kad_blocks_head_custom_js":"","_kad_blocks_body_custom_js":"","_kad_blocks_footer_custom_js":"","_kadence_starter_templates_imported_post":false,"_kad_post_transparent":"default","_kad_post_title":"","_kad_post_layout":"default","_kad_post_sidebar_id":"","_kad_post_content_style":"default","_kad_post_vertical_padding":"default","_kad_post_feature":"","_kad_post_feature_position":"","_kad_post_header":false,"_kad_post_footer":false,"_kad_post_classname":""},"product_brand":[],"product_cat":[42],"product_tag":[],"class_list":{"0":"post-2553","1":"product","2":"type-product","3":"status-publish","4":"has-post-thumbnail","6":"product_cat-kinkekarbid","8":"first","9":"instock","10":"shipping-taxable","11":"purchasable","12":"product-type-variable","13":"entry","14":"content-bg","15":"loop-entry"},"taxonomy_info":{"product_cat":[{"value":42,"label":"Kinkekarbid"}]},"featured_image_src_large":["https:\/\/oilika.ee\/wp-content\/uploads\/2025\/05\/Kinkekarp-punane-1-1024x1024.jpg",1024,1024,true],"author_info":[],"comment_info":"","_links":{"self":[{"href":"https:\/\/oilika.ee\/ru\/wp-json\/wp\/v2\/product\/2553","targetHints":{"allow":["GET"]}}],"collection":[{"href":"https:\/\/oilika.ee\/ru\/wp-json\/wp\/v2\/product"}],"about":[{"href":"https:\/\/oilika.ee\/ru\/wp-json\/wp\/v2\/types\/product"}],"wp:featuredmedia":[{"embeddable":true,"href":"https:\/\/oilika.ee\/ru\/wp-json\/wp\/v2\/media\/1920"}],"wp:attachment":[{"href":"https:\/\/oilika.ee\/ru\/wp-json\/wp\/v2\/media?parent=2553"}],"wp:term":[{"taxonomy":"product_brand","embeddable":true,"href":"https:\/\/oilika.ee\/ru\/wp-json\/wp\/v2\/product_brand?post=2553"},{"taxonomy":"product_cat","embeddable":true,"href":"https:\/\/oilika.ee\/ru\/wp-json\/wp\/v2\/product_cat?post=2553"},{"taxonomy":"product_tag","embeddable":true,"href":"https:\/\/oilika.ee\/ru\/wp-json\/wp\/v2\/product_tag?post=2553"}],"curies":[{"name":"wp","href":"https:\/\/api.w.org\/{rel}","templated":true}]}}