{"id":2123,"date":"2025-08-05T11:09:29","date_gmt":"2025-08-05T11:09:29","guid":{"rendered":"https:\/\/oilika.ee\/?post_type=product&#038;p=2123"},"modified":"2026-03-31T23:08:03","modified_gmt":"2026-03-31T20:08:03","slug":"vaarao-seep-seemnetega","status":"publish","type":"product","link":"https:\/\/oilika.ee\/ru\/product\/vaarao-seep-seemnetega\/","title":{"rendered":"Vaarao seep, mustak\u00f6\u00f6mne\u00f5li seep musta k\u00f6\u00f6mne seemnetega"},"content":{"rendered":"<p>Looduslik k\u00e4sit\u00f6\u00f6seep, mis on valmistatud Oilika k\u00fclmpressitud mustak\u00f6\u00f6mne\u00f5list ning rikastatud ravimuda ja musta k\u00f6\u00f6mne seemnetega.<\/p>\n<p><strong>Koostisosad:<\/strong> O\u00dc Oilika k\u00fclmpressitud mustak\u00f6\u00f6mne \u00f5li, mustak\u00f6\u00f6mne seemned, allikavesi, seebikivi, ravimuda, sheav\u00f5i, kakaov\u00f5i, oliivi\u00f5li.<\/p>\n<p>Seep on valminud k\u00e4sit\u00f6\u00f6na koost\u00f6\u00f6s seebimeister Silver H\u00fcdsiga (Vana J\u00fcri Seebipood, <a href=\"http:\/\/www.vanajuri.com\">www.vanajuri.com<\/a>).<\/p>","protected":false},"excerpt":{"rendered":"<p>Looduslik k\u00e4sit\u00f6\u00f6seep, mis on valmistatud Oilika k\u00fclmpressitud mustak\u00f6\u00f6mne\u00f5list ning rikastatud ravimuda ja musta k\u00f6\u00f6mne seemnetega. Koostisosad: O\u00dc Oilika k\u00fclmpressitud mustak\u00f6\u00f6mne \u00f5li, mustak\u00f6\u00f6mne seemned, allikavesi, seebikivi, ravimuda, sheav\u00f5i, kakaov\u00f5i, oliivi\u00f5li. Seep on valminud k\u00e4sit\u00f6\u00f6na koost\u00f6\u00f6s seebimeister Silver H\u00fcdsiga (Vana J\u00fcri Seebipood, www.vanajuri.com).<\/p>","protected":false},"featured_media":2075,"template":"","meta":{"_kad_blocks_custom_css":"","_kad_blocks_head_custom_js":"","_kad_blocks_body_custom_js":"","_kad_blocks_footer_custom_js":"","_kadence_starter_templates_imported_post":false,"_kad_post_transparent":"default","_kad_post_title":"","_kad_post_layout":"default","_kad_post_sidebar_id":"","_kad_post_content_style":"default","_kad_post_vertical_padding":"default","_kad_post_feature":"","_kad_post_feature_position":"","_kad_post_header":false,"_kad_post_footer":false,"_kad_post_classname":""},"product_brand":[],"product_cat":[41],"product_tag":[],"class_list":{"0":"post-2123","1":"product","2":"type-product","3":"status-publish","4":"has-post-thumbnail","6":"product_cat-seebid","8":"first","9":"instock","10":"shipping-taxable","11":"purchasable","12":"product-type-simple","13":"entry","14":"content-bg","15":"loop-entry"},"taxonomy_info":{"product_cat":[{"value":41,"label":"Seebid"}]},"featured_image_src_large":["https:\/\/oilika.ee\/wp-content\/uploads\/2025\/06\/Vaarao-13-1024x1024.jpg",1024,1024,true],"author_info":[],"comment_info":"","_links":{"self":[{"href":"https:\/\/oilika.ee\/ru\/wp-json\/wp\/v2\/product\/2123","targetHints":{"allow":["GET"]}}],"collection":[{"href":"https:\/\/oilika.ee\/ru\/wp-json\/wp\/v2\/product"}],"about":[{"href":"https:\/\/oilika.ee\/ru\/wp-json\/wp\/v2\/types\/product"}],"wp:featuredmedia":[{"embeddable":true,"href":"https:\/\/oilika.ee\/ru\/wp-json\/wp\/v2\/media\/2075"}],"wp:attachment":[{"href":"https:\/\/oilika.ee\/ru\/wp-json\/wp\/v2\/media?parent=2123"}],"wp:term":[{"taxonomy":"product_brand","embeddable":true,"href":"https:\/\/oilika.ee\/ru\/wp-json\/wp\/v2\/product_brand?post=2123"},{"taxonomy":"product_cat","embeddable":true,"href":"https:\/\/oilika.ee\/ru\/wp-json\/wp\/v2\/product_cat?post=2123"},{"taxonomy":"product_tag","embeddable":true,"href":"https:\/\/oilika.ee\/ru\/wp-json\/wp\/v2\/product_tag?post=2123"}],"curies":[{"name":"wp","href":"https:\/\/api.w.org\/{rel}","templated":true}]}}