{"id":3,"date":"2025-04-30T20:11:26","date_gmt":"2025-04-30T20:11:26","guid":{"rendered":"https:\/\/oilika.ee\/?page_id=3"},"modified":"2025-05-13T12:04:45","modified_gmt":"2025-05-13T12:04:45","slug":"privaatsuspoliitika","status":"publish","type":"page","link":"https:\/\/oilika.ee\/ru\/privaatsuspoliitika\/","title":{"rendered":"\u041f\u043e\u043b\u0438\u0442\u0438\u043a\u0430 \u043a\u043e\u043d\u0444\u0438\u0434\u0435\u043d\u0446\u0438\u0430\u043b\u044c\u043d\u043e\u0441\u0442\u0438"},"content":{"rendered":"<style>.kb-row-layout-id3_db5682-3d > .kt-row-column-wrap{align-content:start;}:where(.kb-row-layout-id3_db5682-3d > .kt-row-column-wrap) > .wp-block-kadence-column{justify-content:start;}.kb-row-layout-id3_db5682-3d > .kt-row-column-wrap{column-gap:var(--global-kb-gap-md, 2rem);row-gap:var(--global-kb-gap-md, 2rem);padding-top:var(--global-kb-spacing-5xl, 10rem);padding-bottom:var(--global-kb-spacing-sm, 1.5rem);grid-template-columns:minmax(0, 1fr);}.kb-row-layout-id3_db5682-3d > .kt-row-layout-overlay{opacity:0.30;}@media all and (max-width: 1024px){.kb-row-layout-id3_db5682-3d > .kt-row-column-wrap{grid-template-columns:minmax(0, 1fr);}}@media all and (max-width: 767px){.kb-row-layout-id3_db5682-3d > .kt-row-column-wrap{grid-template-columns:minmax(0, 1fr);}}<\/style><div class=\"kb-row-layout-wrap kb-row-layout-id3_db5682-3d alignnone has-theme-palette7-background-color kt-row-has-bg wp-block-kadence-rowlayout\"><div class=\"kt-row-column-wrap kt-has-1-columns kt-row-layout-equal kt-tab-layout-inherit kt-mobile-layout-row kt-row-valign-top\">\n<style>.kadence-column3_10deb6-68 > .kt-inside-inner-col,.kadence-column3_10deb6-68 > .kt-inside-inner-col:before{border-top-left-radius:0px;border-top-right-radius:0px;border-bottom-right-radius:0px;border-bottom-left-radius:0px;}.kadence-column3_10deb6-68 > .kt-inside-inner-col{column-gap:var(--global-kb-gap-sm, 1rem);}.kadence-column3_10deb6-68 > .kt-inside-inner-col{flex-direction:column;}.kadence-column3_10deb6-68 > .kt-inside-inner-col > .aligncenter{width:100%;}.kadence-column3_10deb6-68 > .kt-inside-inner-col:before{opacity:0.3;}.kadence-column3_10deb6-68{position:relative;}@media all and (max-width: 1024px){.kadence-column3_10deb6-68 > .kt-inside-inner-col{flex-direction:column;justify-content:center;}}@media all and (max-width: 767px){.kadence-column3_10deb6-68 > .kt-inside-inner-col{flex-direction:column;justify-content:center;}}<\/style>\n<div class=\"wp-block-kadence-column kadence-column3_10deb6-68\"><div class=\"kt-inside-inner-col\">\n<h3 class=\"wp-block-heading\">1. \u00dclds\u00e4tted<\/h3>\n\n\n\n<p>1.1 K\u00e4esolev privaatsuspoliitika reguleerib isikuandmete kogumise, t\u00f6\u00f6tlemise ja s\u00e4ilitamise p\u00f5him\u00f5tteid. Isikuandmeid t\u00f6\u00f6deldakse ja s\u00e4ilitatakse&nbsp;<strong>OILIKA O\u00dc<\/strong>, reg. kood:&nbsp;<strong>16111397<\/strong>kes on isikuandmete vastutav t\u00f6\u00f6tleja (edaspidi \u201cvastutav t\u00f6\u00f6tleja\u201d).<\/p>\n\n\n\n<p>1.2 K\u00e4esolevas privaatsuspoliitikas t\u00e4hendab andmesubjekt klienti v\u00f5i muud f\u00fc\u00fcsilist isikut, kelle isikuandmeid vastutav t\u00f6\u00f6tleja t\u00f6\u00f6tleb.<\/p>\n\n\n\n<p>1.3 K\u00e4esolevas privaatsuspoliitikas m\u00f5istetakse kliendi all k\u00f5iki isikuid, kes ostavad kaupu v\u00f5i teenuseid vastutava t\u00f6\u00f6tleja veebisaidilt.<\/p>\n\n\n\n<p>1.4 Vastutav t\u00f6\u00f6tleja j\u00e4rgib seaduses s\u00e4testatud isikuandmete t\u00f6\u00f6tlemise p\u00f5him\u00f5tteid ning t\u00f6\u00f6tleb isikuandmeid muu hulgas seaduslikul, \u00f5iglasel ja turvalisel viisil. Vastutav t\u00f6\u00f6tleja v\u00f5ib deklareerida, et isikuandmeid on t\u00f6\u00f6deldud koosk\u00f5las seaduse s\u00e4tetega.<\/p>\n\n\n\n<h3 class=\"wp-block-heading\">2. Isikuandmete kogumine, t\u00f6\u00f6tlemine ja s\u00e4ilitamine<\/h3>\n\n\n\n<p>2.1 Isikuandmeid, mida vastutav t\u00f6\u00f6tleja kogub, t\u00f6\u00f6tleb ja s\u00e4ilitab, kogutakse elektrooniliselt, peamiselt veebisaidi ja e-posti teel.<\/p>\n\n\n\n<p>2.2 Oma isikuandmete esitamisega annab andmesubjekt vastutavale t\u00f6\u00f6tlejale \u00f5iguse koguda, korraldada, kasutada ja hallata privaatsuspoliitikas m\u00e4\u00e4ratletud eesm\u00e4rkidel isikuandmeid, mida andmesubjekt jagab vastutava t\u00f6\u00f6tlejaga otse v\u00f5i kaudselt kaupade v\u00f5i teenuste ostmisel veebilehel. v\u00f5i teenuse ostmisel.<\/p>\n\n\n\n<p>2.3 Andmesubjekt vastutab tema poolt esitatud andmete t\u00e4psuse, \u00f5igsuse ja terviklikkuse eest. Teadlikult valeandmete esitamist loetakse privaatsuspoliitika rikkumiseks. Andmesubjekt teavitab vastutavat t\u00f6\u00f6tlejat viivitamata k\u00f5igist esitatud andmete muudatustest.<\/p>\n\n\n\n<p>2.4 Vastutav t\u00f6\u00f6tleja ei vastuta kahju eest, mida andmesubjektile v\u00f5i kolmandale isikule tekitatakse valeandmete esitamise t\u00f5ttu.<\/p>\n\n\n\n<h3 class=\"wp-block-heading\">3. klientide isikuandmete t\u00f6\u00f6tlemine<\/h3>\n\n\n\n<p>3.1 Vastutav t\u00f6\u00f6tleja v\u00f5ib t\u00f6\u00f6delda j\u00e4rgmisi andmesubjekti isikuandmeid:<\/p>\n\n\n\n<p>3.1.1 Ees- ja perekonnanimi;<\/p>\n\n\n\n<p>3.1.2 S\u00fcnniaeg;<\/p>\n\n\n\n<p>3.1.3 Telefoninumber;<\/p>\n\n\n\n<p>3.1.4. e-posti aadress;<\/p>\n\n\n\n<p>3.1.5 K\u00e4ttetoimetamise aadress;<\/p>\n\n\n\n<p>3.1.6. pangakonto number;<\/p>\n\n\n\n<p>3.1.7. Maksekaardi andmed;<\/p>\n\n\n\n<p>3.2 Lisaks eespool nimetatule on vastutaval t\u00f6\u00f6tlejal \u00f5igus koguda kliendiandmeid, mis on k\u00e4ttesaadavad avalikes registrites.<\/p>\n\n\n\n<p>3.3 Isikuandmete t\u00f6\u00f6tlemise \u00f5iguslik alus isikuandmete kaitse \u00fcldm\u00e4\u00e4ruse artikli 6 l\u00f5ike 1 punktides a, b, c ja f:<\/p>\n\n\n\n<p>(a) andmesubjekt on andnud n\u00f5usoleku oma isikuandmete t\u00f6\u00f6tlemiseks \u00fchel v\u00f5i mitmel konkreetsel eesm\u00e4rgil;<\/p>\n\n\n\n<p>(b) t\u00f6\u00f6tlemine on vajalik sellise lepingu t\u00e4itmiseks, milles andmesubjekt on lepinguosaline, v\u00f5i andmesubjekti poolt enne lepingu s\u00f5lmimist taotletud meetmete v\u00f5tmiseks;<\/p>\n\n\n\n<p>(c) t\u00f6\u00f6tlemine on vajalik vastutava t\u00f6\u00f6tleja suhtes kehtiva \u00f5igusliku kohustuse t\u00e4itmiseks;<\/p>\n\n\n\n<p>(f) t\u00f6\u00f6tlemine on vajalik vastutava t\u00f6\u00f6tleja v\u00f5i kolmanda isiku \u00f5igustatud huvide kaitseks, v\u00e4lja arvatud juhul, kui need huvid kaaluvad \u00fcles andmesubjekti huvid v\u00f5i p\u00f5hi\u00f5igused ja -vabadused, mis n\u00f5uavad isikuandmete kaitset, eelk\u00f5ige kui andmesubjekt on laps.<\/p>\n\n\n\n<p>3.4 Isikuandmete t\u00f6\u00f6tlemine vastavalt t\u00f6\u00f6tlemise eesm\u00e4rgile:<\/p>\n\n\n\n<p>3.4.1 T\u00f6\u00f6tlemise eesm\u00e4rk \u2013 ohutus ja turvalisus<br>Isikuandmete maksimaalne s\u00e4ilitamisaeg \u2013 vastavalt seadusega kehtestatud t\u00e4htaegadele.<\/p>\n\n\n\n<p>3.4.2 T\u00f6\u00f6tlemise eesm\u00e4rk on tellimuste t\u00f6\u00f6tlemine.<br>Isikuandmete maksimaalne s\u00e4ilitamisaeg on 1 aasta.<\/p>\n\n\n\n<p>3.4.3 T\u00f6\u00f6tlemise eesm\u00e4rk on tagada e-poe teenuste toimimine.<br>Isikuandmete maksimaalne s\u00e4ilitamisaeg on 1 aasta.<\/p>\n\n\n\n<p>3.4.4 T\u00f6\u00f6tlemise eesm\u00e4rk \u2013 kliendihaldus<br>Isikuandmete maksimaalne s\u00e4ilitamisaeg on 1 aasta.<\/p>\n\n\n\n<p>3.4.5 T\u00f6\u00f6tlemise eesm\u00e4rk \u2013 finantstegevus, raamatupidamine.<br>Isikuandmete maksimaalne s\u00e4ilitamisaeg \u2013 vastavalt seadusega kehtestatud tingimustele.<\/p>\n\n\n\n<p>3.4.6 T\u00f6\u00f6tlemise eesm\u00e4rk \u2013 turundus Isikuandmete maksimaalne s\u00e4ilitamisaeg \u2013 2 aastat.<\/p>\n\n\n\n<p>3.5 Vastutaval t\u00f6\u00f6tlejal on \u00f5igus edastada klientide isikuandmeid kolmandatele isikutele, n\u00e4iteks volitatud t\u00f6\u00f6tlejatele, raamatupidajatele, transpordi- ja kullerfirmadele, t\u00f5lketeenuseid osutavatele ettev\u00f5tetele. Vastutav t\u00f6\u00f6tleja vastutab isikuandmete t\u00f6\u00f6tlemise eest. Vastutav t\u00f6\u00f6tleja edastab maksete tegemiseks vajalikud isikuandmed volitatud t\u00f6\u00f6tlejale Montonio Finance.<\/p>\n\n\n\n<p>3.6 Vastutav t\u00f6\u00f6tleja t\u00f6\u00f6tleb ja s\u00e4ilitab andmesubjekti isikuandmeid, rakendades organisatsioonilisi ja tehnilisi meetmeid, et tagada isikuandmete kaitse juhusliku v\u00f5i ebaseadusliku h\u00e4vitamise, muutmise, avalikustamise ja muu ebaseadusliku t\u00f6\u00f6tlemise eest.<\/p>\n\n\n\n<p>3.7 Vastutav t\u00f6\u00f6tleja s\u00e4ilitab andmesubjektide andmeid s\u00f5ltuvalt t\u00f6\u00f6tlemise eesm\u00e4rgist, kuid mitte kauem kui 2 aastat.<\/p>\n\n\n\n<h3 class=\"wp-block-heading\">4. Andmesubjekti \u00f5igused<\/h3>\n\n\n\n<p>4.1 Andmesubjektil on \u00f5igus tutvuda oma isikuandmetega ja neid kontrollida.<\/p>\n\n\n\n<p>4.2 Andmesubjektil on \u00f5igus saada teavet oma isikuandmete t\u00f6\u00f6tlemise kohta.<\/p>\n\n\n\n<p>4.3 Andmesubjektil on \u00f5igus muuta v\u00f5i parandada ebat\u00e4pseid andmeid.<\/p>\n\n\n\n<p>4.4 Kui vastutav t\u00f6\u00f6tleja t\u00f6\u00f6tleb andmesubjekti isikuandmeid viimase antud n\u00f5usoleku alusel, on andmesubjektil \u00f5igus oma n\u00f5usolek igal ajal tagasi v\u00f5tta.<\/p>\n\n\n\n<p>4.5 Oma \u00f5iguste kasutamiseks v\u00f5ib andmesubjekt p\u00f6\u00f6rduda e-poe klienditeeninduse poole j\u00e4rgmisel aadressil&nbsp;<a href=\"mailto:info@oilika.ee\">info@oilika.ee.<\/a><\/p>\n\n\n\n<p>4.6 Oma \u00f5iguste kaitsmiseks v\u00f5ib andmesubjekt esitada kaebuse Andmekaitse Inspektsioonile.<\/p>\n\n\n\n<h3 class=\"wp-block-heading\">5. L\u00f5pps\u00e4tted<\/h3>\n\n\n\n<p>5.1 K\u00e4esolevad andmekaitse tingimused on koostatud koosk\u00f5las Euroopa Parlamendi ja n\u00f5ukogu m\u00e4\u00e4rusega (EL) 2016\/679 f\u00fc\u00fcsiliste isikute kaitse kohta isikuandmete t\u00f6\u00f6tlemisel ja selliste andmete vaba liikumise kohta ning direktiivi 95\/46\/EL (isikuandmete kaitse \u00fcldm\u00e4\u00e4rus) kehtetuks tunnistamise kohta, Eesti Vabariigi isikuandmete kaitse seadusega ning Eesti Vabariigi ja Euroopa Liidu \u00f5igusaktidega.<\/p>\n\n\n\n<p>5.2. Vastutaval t\u00f6\u00f6tlejal on \u00f5igus muuta andmekaitse tingimusi osaliselt v\u00f5i t\u00e4ielikult, teavitades andmesubjekte muudatustest l\u00e4bi&nbsp;<a href=\"https:\/\/www.oilika.ee\/et\/\">www.oilika.ee.<\/a><\/p>\n<\/div><\/div>\n\n<\/div><\/div>","protected":false},"excerpt":{"rendered":"<p>1. \u00dclds\u00e4tted 1.1 K\u00e4esolev privaatsuspoliitika reguleerib isikuandmete kogumise, t\u00f6\u00f6tlemise ja s\u00e4ilitamise p\u00f5him\u00f5tteid. Isikuandmeid t\u00f6\u00f6deldakse ja s\u00e4ilitatakse&nbsp;OILIKA O\u00dc, reg. kood:&nbsp;16111397kes on isikuandmete vastutav t\u00f6\u00f6tleja (edaspidi \u201cvastutav t\u00f6\u00f6tleja\u201d). 1.2 K\u00e4esolevas privaatsuspoliitikas t\u00e4hendab andmesubjekt klienti v\u00f5i muud f\u00fc\u00fcsilist isikut, kelle isikuandmeid vastutav t\u00f6\u00f6tleja t\u00f6\u00f6tleb. 1.3 K\u00e4esolevas privaatsuspoliitikas m\u00f5istetakse kliendi all k\u00f5iki isikuid, kes ostavad kaupu v\u00f5i teenuseid vastutava&#8230;<\/p>","protected":false},"author":1,"featured_media":0,"parent":0,"menu_order":0,"comment_status":"closed","ping_status":"closed","template":"","meta":{"_kad_blocks_custom_css":"","_kad_blocks_head_custom_js":"","_kad_blocks_body_custom_js":"","_kad_blocks_footer_custom_js":"","_kadence_starter_templates_imported_post":false,"_kad_post_transparent":"enable","_kad_post_title":"default","_kad_post_layout":"fullwidth","_kad_post_sidebar_id":"","_kad_post_content_style":"boxed","_kad_post_vertical_padding":"","_kad_post_feature":"default","_kad_post_feature_position":"default","_kad_post_header":false,"_kad_post_footer":false,"_kad_post_classname":"","footnotes":""},"class_list":["post-3","page","type-page","status-publish","hentry"],"taxonomy_info":[],"featured_image_src_large":false,"author_info":{"display_name":"admin","author_link":"https:\/\/oilika.ee\/ru\/author\/admin\/"},"comment_info":0,"_links":{"self":[{"href":"https:\/\/oilika.ee\/ru\/wp-json\/wp\/v2\/pages\/3","targetHints":{"allow":["GET"]}}],"collection":[{"href":"https:\/\/oilika.ee\/ru\/wp-json\/wp\/v2\/pages"}],"about":[{"href":"https:\/\/oilika.ee\/ru\/wp-json\/wp\/v2\/types\/page"}],"author":[{"embeddable":true,"href":"https:\/\/oilika.ee\/ru\/wp-json\/wp\/v2\/users\/1"}],"replies":[{"embeddable":true,"href":"https:\/\/oilika.ee\/ru\/wp-json\/wp\/v2\/comments?post=3"}],"version-history":[{"count":8,"href":"https:\/\/oilika.ee\/ru\/wp-json\/wp\/v2\/pages\/3\/revisions"}],"predecessor-version":[{"id":1817,"href":"https:\/\/oilika.ee\/ru\/wp-json\/wp\/v2\/pages\/3\/revisions\/1817"}],"wp:attachment":[{"href":"https:\/\/oilika.ee\/ru\/wp-json\/wp\/v2\/media?parent=3"}],"curies":[{"name":"wp","href":"https:\/\/api.w.org\/{rel}","templated":true}]}}