{"id":11,"date":"2025-05-19T12:34:41","date_gmt":"2025-05-19T12:34:41","guid":{"rendered":"https:\/\/oilika.ee\/?page_id=11"},"modified":"2025-05-19T12:42:26","modified_gmt":"2025-05-19T12:42:26","slug":"muugitingimused","status":"publish","type":"page","link":"https:\/\/oilika.ee\/ru\/muugitingimused\/","title":{"rendered":"Veebipoe m\u00fc\u00fcgitingimused"},"content":{"rendered":"<style>.kb-row-layout-id11_91731b-78 > .kt-row-column-wrap{align-content:start;}:where(.kb-row-layout-id11_91731b-78 > .kt-row-column-wrap) > .wp-block-kadence-column{justify-content:start;}.kb-row-layout-id11_91731b-78 > .kt-row-column-wrap{column-gap:var(--global-kb-gap-md, 2rem);row-gap:var(--global-kb-gap-md, 2rem);padding-top:var(--global-kb-spacing-4xl, 8rem);padding-bottom:var(--global-kb-spacing-sm, 1.5rem);grid-template-columns:minmax(0, 1fr);}.kb-row-layout-id11_91731b-78 > .kt-row-layout-overlay{opacity:0.30;}@media all and (max-width: 1024px){.kb-row-layout-id11_91731b-78 > .kt-row-column-wrap{grid-template-columns:minmax(0, 1fr);}}@media all and (max-width: 767px){.kb-row-layout-id11_91731b-78 > .kt-row-column-wrap{grid-template-columns:minmax(0, 1fr);}}<\/style><div class=\"kb-row-layout-wrap kb-row-layout-id11_91731b-78 alignnone wp-block-kadence-rowlayout\"><div class=\"kt-row-column-wrap kt-has-1-columns kt-row-layout-equal kt-tab-layout-inherit kt-mobile-layout-row kt-row-valign-top\">\n<style>.kadence-column11_334f34-00 > .kt-inside-inner-col,.kadence-column11_334f34-00 > .kt-inside-inner-col:before{border-top-left-radius:0px;border-top-right-radius:0px;border-bottom-right-radius:0px;border-bottom-left-radius:0px;}.kadence-column11_334f34-00 > .kt-inside-inner-col{column-gap:var(--global-kb-gap-sm, 1rem);}.kadence-column11_334f34-00 > .kt-inside-inner-col{flex-direction:column;}.kadence-column11_334f34-00 > .kt-inside-inner-col > .aligncenter{width:100%;}.kadence-column11_334f34-00 > .kt-inside-inner-col:before{opacity:0.3;}.kadence-column11_334f34-00{position:relative;}@media all and (max-width: 1024px){.kadence-column11_334f34-00 > .kt-inside-inner-col{flex-direction:column;justify-content:center;}}@media all and (max-width: 767px){.kadence-column11_334f34-00 > .kt-inside-inner-col{flex-direction:column;justify-content:center;}}<\/style>\n<div class=\"wp-block-kadence-column kadence-column11_334f34-00\"><div class=\"kt-inside-inner-col\">\n<p>Oilika.ee veebipoe (edaspidi veebipood) omanik on Oilika O\u00dc (registrikood 16111397), asukohaga P\u00e4\u00e4su 11, R\u00e4pina, 64506 P\u00f5lvamaa.<\/p>\n\n\n\n<h2 class=\"wp-block-heading\" style=\"text-transform:none\">M\u00fc\u00fcgilepingu t\u00e4htaeg, teave toote ja hinna kohta<\/h2>\n\n\n\n<p>Kaupade ostmisel e-poest kehtivad m\u00fc\u00fcgitingimused. Veebipoes m\u00fc\u00fcdavate kaupade hinnad on m\u00e4rgitud kauba juures. Hind sisaldab kauba kohaletoimetamise tasu. K\u00f5ik e-poes m\u00fc\u00fcdavate kaupade hinnad on eurodes. Kaupade kohaletoimetamise maksumus s\u00f5ltub ostja asukohast ja kohaletoimetamise viisist. Tarnekulu kuvatakse ostjale tellimuse esitamisel. Teave toote kohta on veebipoes esitatud otse toote juures.<\/p>\n\n\n\n<h2 class=\"wp-block-heading\" style=\"text-transform:none\">Tellimuse moodustamine<\/h2>\n\n\n\n<p>Toote tellimiseks peate lisama soovitud tooted ostukorvi. Tellimuse esitamiseks on vaja t\u00e4ita kohustuslikud andmev\u00e4ljad ja valida sobiv kauba kohaletoimetamise viis. Seej\u00e4rel kuvatakse ekraanil komisjonitasu suurus, mille saab turvaliselt tasuda j\u00e4rgmiste makseviisidega: Lingid Eesti pankadele: Swedbank, SEB, Luminor, LHV, Coop Pank, Pocopay..<\/p>\n\n\n\n<p>Pange t\u00e4hele! Kui maksate pangalinkide kaudu, kl\u00f5psake kindlasti pangalehel nupule \u201cTagasi kaupmehe juurde\u201d.<\/p>\n\n\n\n<p>Makseid vahendatakse&nbsp;<a href=\"http:\/\/www.maksekeskus.ee\/\">http:\/\/www.maksekeskus.ee<\/a>&nbsp;Maksekeskus AS. Maksed toimuvad v\u00e4ljaspool veebipoodi turvalises keskkonnas \u2013 pangalingi kaudu tasumisel vastava panga turvalises keskkonnas ja krediitkaardiga tasumisel Maksekeskus AS-i turvalises keskkonnas. M\u00fc\u00fcjal ei ole juurdep\u00e4\u00e4su ostja panga- ja krediitkaardiandmetele. Leping j\u00f5ustub kohe, kui tasumisele kuuluv summa on kantud e-poe arvelduskontole.<\/p>\n\n\n\n<p>Veebipoe omanik on vastutav isikuandmete t\u00f6\u00f6tleja ja edastab maksete tegemiseks vajalikud isikuandmed volitatud t\u00f6\u00f6tlejale Maksekeskus AS.<\/p>\n\n\n\n<p>Kui tellitud kaupa ei ole v\u00f5imalik tarnida kauba l\u00f5ppemise t\u00f5ttu v\u00f5i muul p\u00f5hjusel, teavitatakse ostjat sellest v\u00f5imalikult kiiresti ja makstud raha (sh kauba kohaletoimetamise kulud) tagastatakse viivitamatult, kuid mitte hiljem kui 14 p\u00e4eva jooksul alates teavitamise kuup\u00e4evast.<\/p>\n\n\n\n<h2 class=\"wp-block-heading\">Kohaletoimetamine<\/h2>\n\n\n\n<p>Kaupu saadetakse j\u00e4rgmistesse riikidesse: Eesti.<\/p>\n\n\n\n<p>Ostjal on kauba k\u00e4ttesaamiseks j\u00e4rgmised v\u00f5imalused:<\/p>\n\n\n\n<p>Omniva pakiautomaadid<\/p>\n\n\n\n<p>Smartpost pakiautomaadid<\/p>\n\n\n\n<p>Tarnekulud kannab ostja, vastav hinnateave on n\u00e4idatud tarneviisi k\u00f5rval. Eesti-sisesed saadetised j\u00f5uavad tavaliselt ostja poolt m\u00e4\u00e4ratud sihtkohta 0-5 t\u00f6\u00f6p\u00e4eva jooksul alates ostulepingu j\u00f5ustumisest. Erandjuhtudel on teil \u00f5igus tarnida kaup 45 kalendrip\u00e4eva jooksul.<\/p>\n\n\n\n<h2 class=\"wp-block-heading\">Tagasisaatmis\u00f5igus<\/h2>\n\n\n\n<p>P\u00e4rast tellimuse k\u00e4ttesaamist on ostjal \u00f5igus e-poes s\u00f5lmitud lepingust taganeda 14 p\u00e4eva jooksul..<\/p>\n\n\n\n<p>NB! Sellest tulenevalt&nbsp;<a href=\"https:\/\/www.riigiteataja.ee\/akt\/961235?leiaKehtiv\">https:\/\/www.riigiteataja.ee\/akt\/961235?leiaKehtiv<\/a>&nbsp;V\u00f5la\u00f5igusseaduse artikli 53 l\u00f5ikes 4 s\u00e4testatud tingimustel ei ole \u00f5li ja \u00f5likoogid tagastatav kaup.<\/p>\n\n\n\n<p>Taganemis\u00f5igus ei kehti, kui ostja on juriidiline isik..<\/p>\n\n\n\n<p>14-p\u00e4evase tagastamis\u00f5iguse kasutamiseks ei tohi tellitud kaupa kasutada muul viisil kui kauba olemuse, omaduste ja toimimise kindlakstegemiseks vajalikul viisil, mis on lubatud kauba testimiseks f\u00fc\u00fcsilises kaupluses.<\/p>\n\n\n\n<p>Kui kaupa on kasutatud muul otstarbel kui kauba olemuse, omaduste ja toimimise kontrollimiseks vajalik, v\u00f5i kui sellel on kasutus- v\u00f5i kulumism\u00e4rke, on e-poel \u00f5igus v\u00e4hendada tagastatud komisjonitasu vastavalt kauba v\u00e4\u00e4rtuse v\u00e4henemisele.<\/p>\n\n\n\n<p>Kauba tagastamiseks on vaja esitada vabas vormis kauba ostu t\u00fchistamise avaldus ja saata see aadressil info@oilika.ee hiljemalt 14 p\u00e4eva jooksul alates kauba k\u00e4ttesaamise kuup\u00e4evast.<\/p>\n\n\n\n<p>Ostja kannab kauba tagastamise kulud, v\u00e4lja arvatud juhul, kui tagastamise p\u00f5hjuseks on see, et tagastatud kaup ei vasta tellitud kaubale (nt vale v\u00f5i defektne kaup).<\/p>\n\n\n\n<p>Ostja peab kauba tagastama 14 p\u00e4eva jooksul p\u00e4rast taotluse esitamist v\u00f5i esitama t\u00f5endi, et ta on kauba eespool nimetatud t\u00e4htaja jooksul kaubavedajale \u00fcle andnud.<\/p>\n\n\n\n<p>Tagastatud kauba k\u00e4ttesaamisel tagastab e-pood ostjale viivitamata, kuid mitte hiljem kui 14 p\u00e4eva p\u00e4rast t\u00fchistamise k\u00e4ttesaamist, k\u00f5ik ostjalt saadud lepingulised tasud.<\/p>\n\n\n\n<p>Veebim\u00fc\u00fcja v\u00f5ib keelduda tagasimakse tegemisest, kuni ta saab lepingu esemeks oleva kauba k\u00e4tte v\u00f5i kuni ostja esitab t\u00f5endi, et ta on kauba tagastanud, olenevalt sellest, kumb toimub esimesena.<\/p>\n\n\n\n<p>Kui tarbija on selges\u00f5naliselt valinud muu tarneviisi kui veebipoe pakutav k\u00f5ige odavam tavaline tarneviis, ei ole veebipood kohustatud h\u00fcvitama tarbijale kulusid, mis \u00fcletavad tavalise tarneviisiga seotud kulusid.<\/p>\n\n\n\n<p>Veebipoel on \u00f5igus keelduda m\u00fc\u00fcgitehingust ja n\u00f5uda ostjalt kauba tagastamist, kui kauba hind on veebipoes eksimuse t\u00f5ttu n\u00e4idatud oluliselt madalam kui kauba turuhind.<\/p>\n\n\n\n<h2 class=\"wp-block-heading\" style=\"text-transform:none\">\u00d5igus esitada n\u00f5ue<\/h2>\n\n\n\n<p>Veebipood vastutab ostjale m\u00fc\u00fcdud kauba lepingutingimustele mittevastavuse eest v\u00f5i puuduse eest, mis oli olemas juba kauba \u00fcleandmise ajal ja mis on ilmnenud kahe aasta jooksul alates kauba \u00fcleandmisest m\u00fc\u00fcjale. ostjale. esimese kuue kuu jooksul alates kauba \u00fcleandmisest ostjale, eeldatakse, et puudus oli olemas juba kauba \u00fcleandmise ajal. Selle eelduse \u00fcmberl\u00fckkamine on veebipoe kohustus.<\/p>\n\n\n\n<p>Defekti korral on ostjal \u00f5igus hiljemalt kahe kuu jooksul v\u00f5tta \u00fchendust e-poega, saates e-kirja aadressil info@oilika.ee v\u00f5i helistades telefonil +372 5822 8835.<\/p>\n\n\n\n<p>Veebipood ei vastuta puuduste eest, mis ilmnevad p\u00e4rast kauba \u00fcleandmist ostjale.<\/p>\n\n\n\n<p>Kui veebipoest ostetud kaubal on defekt, mille eest vastutab veebipood, parandab v\u00f5i asendab veebipood defektse kauba. Kui kauba parandamine v\u00f5i asendamine on v\u00f5imatu, h\u00fcvitab veebipood ostjale k\u00f5ik ostulepinguga seotud kulud.<\/p>\n\n\n\n<p>Veebipood vastab tarbija kaebusele kirjalikult v\u00f5i kirjalikku taasesitamist v\u00f5imaldavas vormis 15 p\u00e4eva jooksul.<\/p>\n\n\n\n<h2 class=\"wp-block-heading\" style=\"text-transform:none\">Otseturundus ja isikuandmete t\u00f6\u00f6tlemine<\/h2>\n\n\n\n<p>Veebipood kasutab ostja poolt sisestatud isikuandmeid ainult tellimuse t\u00f6\u00f6tlemiseks ja kauba saatmiseks ostjale. Veebipood edastab isikuandmeid transporditeenuseid pakkuvatele ettev\u00f5tetele kaupade kohaletoimetamiseks.<\/p>\n\n\n\n<p>Veebipood saadab uudiskirju ja pakkumisi ostja e-posti aadressile ainult siis, kui ostja on avaldanud selleks soovi, sisestades oma e-posti aadressi veebilehel ja m\u00e4rkides oma soovi saada e-posti teateid.<\/p>\n\n\n\n<p>Ostja v\u00f5ib igal ajal loobuda e-posti pakkumistest ja uudiskirjadest, teatades meile sellest e-posti teel v\u00f5i j\u00e4rgides pakkumisi sisaldavas e-kirjas toodud juhiseid.<\/p>\n\n\n\n<h2 class=\"wp-block-heading\" style=\"text-transform:none\">Vaidluste lahendamine<\/h2>\n\n\n\n<p>Kui kliendil on veebipoe kohta kaebusi, tuleb need saata e-posti aadressil info@oilika.ee v\u00f5i telefoni teel: +372 5822 8835.<\/p>\n\n\n\n<p>Kui ostja ja veebipood ei suuda vaidlust kokkuleppel lahendada, v\u00f5ib ostja p\u00f6\u00f6rduda tarbijavaidluste komisjoni poole. Menetlustingimustega saate tutvuda ja taotluse esitada aadressil&nbsp;<a href=\"https:\/\/komisjon.ee\/et\/avalduse-esitamine\">https:\/\/komisjon.ee\/et\/avalduse-esitamine<\/a>.&nbsp;Tarbijavaidluste komisjoni p\u00e4devusse kuulub ostja ja veebipoe vahel s\u00f5lmitud lepingust tulenevate vaidluste lahendamine. Ostja kaebuse l\u00e4bivaatamine komisjonis on tasuta.<\/p>\n\n\n\n<p>Ostja v\u00f5ib p\u00f6\u00f6rduda ELi tarbijavaidluste lahendamise veebilehe poole.&nbsp;<a href=\"https:\/\/ec.europa.eu\/consumers\/odr\/main\/index.cfm?event=main.home2.show&amp;lng=ET\">https:\/\/ec.europa.eu\/consumers\/odr\/main\/index.cfm?event=main.home2.show&amp;amp;lng=ET<\/a><\/p>\n<\/div><\/div>\n\n<\/div><\/div>","protected":false},"excerpt":{"rendered":"<p>Oilika.ee veebipoe (edaspidi veebipood) omanik on Oilika O\u00dc (registrikood 16111397), asukohaga P\u00e4\u00e4su 11, R\u00e4pina, 64506 P\u00f5lvamaa. M\u00fc\u00fcgilepingu t\u00e4htaeg, teave toote ja hinna kohta Kaupade ostmisel e-poest kehtivad m\u00fc\u00fcgitingimused. Veebipoes m\u00fc\u00fcdavate kaupade hinnad on m\u00e4rgitud kauba juures. Hind sisaldab kauba kohaletoimetamise tasu. K\u00f5ik e-poes m\u00fc\u00fcdavate kaupade hinnad on eurodes. Kaupade kohaletoimetamise maksumus s\u00f5ltub ostja asukohast ja&#8230;<\/p>","protected":false},"author":1,"featured_media":0,"parent":0,"menu_order":0,"comment_status":"closed","ping_status":"closed","template":"","meta":{"_kad_blocks_custom_css":"","_kad_blocks_head_custom_js":"","_kad_blocks_body_custom_js":"","_kad_blocks_footer_custom_js":"","_kadence_starter_templates_imported_post":false,"_kad_post_transparent":"","_kad_post_title":"","_kad_post_layout":"normal","_kad_post_sidebar_id":"","_kad_post_content_style":"","_kad_post_vertical_padding":"","_kad_post_feature":"","_kad_post_feature_position":"","_kad_post_header":false,"_kad_post_footer":false,"_kad_post_classname":"","footnotes":""},"class_list":["post-11","page","type-page","status-publish","hentry"],"taxonomy_info":[],"featured_image_src_large":false,"author_info":{"display_name":"admin","author_link":"https:\/\/oilika.ee\/ru\/author\/admin\/"},"comment_info":0,"_links":{"self":[{"href":"https:\/\/oilika.ee\/ru\/wp-json\/wp\/v2\/pages\/11","targetHints":{"allow":["GET"]}}],"collection":[{"href":"https:\/\/oilika.ee\/ru\/wp-json\/wp\/v2\/pages"}],"about":[{"href":"https:\/\/oilika.ee\/ru\/wp-json\/wp\/v2\/types\/page"}],"author":[{"embeddable":true,"href":"https:\/\/oilika.ee\/ru\/wp-json\/wp\/v2\/users\/1"}],"replies":[{"embeddable":true,"href":"https:\/\/oilika.ee\/ru\/wp-json\/wp\/v2\/comments?post=11"}],"version-history":[{"count":5,"href":"https:\/\/oilika.ee\/ru\/wp-json\/wp\/v2\/pages\/11\/revisions"}],"predecessor-version":[{"id":1829,"href":"https:\/\/oilika.ee\/ru\/wp-json\/wp\/v2\/pages\/11\/revisions\/1829"}],"wp:attachment":[{"href":"https:\/\/oilika.ee\/ru\/wp-json\/wp\/v2\/media?parent=11"}],"curies":[{"name":"wp","href":"https:\/\/api.w.org\/{rel}","templated":true}]}}